{"id":8,"date":"2025-12-08T15:15:16","date_gmt":"2025-12-08T15:15:16","guid":{"rendered":"https:\/\/awesome-kalam.176-9-1-208.plesk.page\/?page_id=8"},"modified":"2026-02-12T09:41:02","modified_gmt":"2026-02-12T09:41:02","slug":"8-2","status":"publish","type":"page","link":"https:\/\/emden-auf-zeit.de\/","title":{"rendered":"Start"},"content":{"rendered":"<p>[et_pb_section fb_built=&#8220;1&#8243; admin_label=&#8220;Header&#8220; module_class=&#8220;bg-fokus-rechts&#8220; _builder_version=&#8220;4.27.5&#8243; _module_preset=&#8220;default&#8220; use_background_color_gradient=&#8220;on&#8220; background_color_gradient_stops=&#8220;rgba(0,0,0,0.7) 0%|rgba(79,79,79,0.7) 100%&#8220; background_color_gradient_overlays_image=&#8220;on&#8220; background_image=&#8220;https:\/\/emden-auf-zeit.de\/wp-content\/uploads\/2026\/02\/iStock-1786106490.jpg&#8220; parallax=&#8220;on&#8220; width=&#8220;94%&#8220; width_tablet=&#8220;80%&#8220; width_phone=&#8220;80%&#8220; width_last_edited=&#8220;on|desktop&#8220; max_width=&#8220;2000px&#8220; module_alignment=&#8220;center&#8220; custom_margin=&#8220;28px||||false|false&#8220; custom_padding=&#8220;6vw||6vw||true|false&#8220; border_radii=&#8220;on|10px|10px|10px|10px&#8220; collapsed=&#8220;on&#8220; global_colors_info=&#8220;{}&#8220;][et_pb_row _builder_version=&#8220;4.21.0&#8243; _module_preset=&#8220;default&#8220; global_colors_info=&#8220;{}&#8220;][et_pb_column type=&#8220;4_4&#8243; _builder_version=&#8220;4.21.0&#8243; _module_preset=&#8220;default&#8220; global_colors_info=&#8220;{}&#8220;][et_pb_text _builder_version=&#8220;4.27.5&#8243; _module_preset=&#8220;262de11c-71a0-4171-b5b2-d6362da9ea98&#8243; header_4_font=&#8220;Exo 2|700||on|||||&#8220; header_4_text_color=&#8220;#FFFFFF&#8220; header_4_font_size=&#8220;17px&#8220; text_orientation=&#8220;center&#8220; global_colors_info=&#8220;{}&#8220;]<\/p>\n<h4>Familie Bergmann<\/h4>\n<p>[\/et_pb_text][et_pb_text _builder_version=&#8220;4.27.4&#8243; _module_preset=&#8220;918bfe89-5c86-4061-bc02-743fce25baf2&#8243; header_text_color=&#8220;#FFFFFF&#8220; text_orientation=&#8220;center&#8220; global_colors_info=&#8220;{}&#8220;]<\/p>\n<h1><span>Gepflegtes Wohnen auf Zeit<\/span><\/h1>\n<p>[\/et_pb_text][et_pb_text _builder_version=&#8220;4.27.5&#8243; _module_preset=&#8220;11f0f857-977e-4b95-b88c-148f3bcdff74&#8243; text_font=&#8220;Exo 2||||||||&#8220; header_4_font=&#8220;Exo 2||||||||&#8220; header_4_text_color=&#8220;#FFFFFF&#8220; text_orientation=&#8220;center&#8220; custom_margin=&#8220;||||false|false&#8220; global_colors_info=&#8220;{}&#8220;]<\/p>\n<h4 data-olk-copy-source=\"MessageBody\">Gesch\u00e4ftsreisende,<span>\u00a0<\/span><span>Techniker-Eins\u00e4tze, Mitarbeiterentsendungen in der Seehafenstadt Emden, in unmittelbarer N\u00e4he von Volkswagen, der Hochschule und dem Hafen.<\/span><\/h4>\n<p>[\/et_pb_text][et_pb_button button_url=&#8220;@ET-DC@eyJkeW5hbWljIjp0cnVlLCJjb250ZW50IjoicG9zdF9saW5rX3VybF9wYWdlIiwic2V0dGluZ3MiOnsicG9zdF9pZCI6IjY0In19@&#8220; button_text=&#8220;Wohnungen ansehen&#8220; button_alignment=&#8220;center&#8220; _builder_version=&#8220;4.27.5&#8243; _dynamic_attributes=&#8220;button_url&#8220; _module_preset=&#8220;3ba080d6-0da5-4330-b30a-81823bbee799&#8243; global_colors_info=&#8220;{}&#8220;][\/et_pb_button][\/et_pb_column][\/et_pb_row][\/et_pb_section][et_pb_section fb_built=&#8220;1&#8243; admin_label=&#8220;Gallery&#8220; _builder_version=&#8220;4.21.0&#8243; _module_preset=&#8220;default&#8220; locked=&#8220;off&#8220; collapsed=&#8220;on&#8220; global_colors_info=&#8220;{}&#8220;][et_pb_row column_structure=&#8220;1_6,1_6,1_6,1_6,1_6,1_6&#8243; use_custom_gutter=&#8220;on&#8220; gutter_width=&#8220;2&#8243; _builder_version=&#8220;4.22.0&#8243; _module_preset=&#8220;default&#8220; width=&#8220;94%&#8220; width_tablet=&#8220;80%&#8220; width_phone=&#8220;80%&#8220; width_last_edited=&#8220;on|desktop&#8220; max_width=&#8220;2000px&#8220; custom_padding=&#8220;0px||0px||true|false&#8220; global_colors_info=&#8220;{}&#8220;][et_pb_column type=&#8220;1_6&#8243; _builder_version=&#8220;4.21.0&#8243; _module_preset=&#8220;default&#8220; global_colors_info=&#8220;{}&#8220;][et_pb_image src=&#8220;https:\/\/emden-auf-zeit.de\/wp-content\/uploads\/2026\/01\/Design-ohne-Titel-10.png&#8220; title_text=&#8220;Design ohne Titel (10)&#8220; show_in_lightbox=&#8220;on&#8220; use_overlay=&#8220;on&#8220; overlay_icon_color=&#8220;gcid-3739f6af-6ec3-431f-9233-3cdc85f4270b&#8220; align=&#8220;center&#8220; _builder_version=&#8220;4.27.5&#8243; _module_preset=&#8220;default&#8220; border_radii=&#8220;on|10px|10px|10px|10px&#8220; global_colors_info=&#8220;{%22gcid-3739f6af-6ec3-431f-9233-3cdc85f4270b%22:%91%22overlay_icon_color%22%93}&#8220;][\/et_pb_image][\/et_pb_column][et_pb_column type=&#8220;1_6&#8243; _builder_version=&#8220;4.21.0&#8243; _module_preset=&#8220;default&#8220; global_colors_info=&#8220;{}&#8220;][et_pb_image src=&#8220;https:\/\/emden-auf-zeit.de\/wp-content\/uploads\/2026\/01\/Design-ohne-Titel-15.png&#8220; title_text=&#8220;Design ohne Titel (15)&#8220; show_in_lightbox=&#8220;on&#8220; use_overlay=&#8220;on&#8220; overlay_icon_color=&#8220;gcid-3739f6af-6ec3-431f-9233-3cdc85f4270b&#8220; align=&#8220;center&#8220; _builder_version=&#8220;4.27.5&#8243; _module_preset=&#8220;default&#8220; border_radii=&#8220;on|10px|10px|10px|10px&#8220; global_colors_info=&#8220;{%22gcid-3739f6af-6ec3-431f-9233-3cdc85f4270b%22:%91%22overlay_icon_color%22%93}&#8220;][\/et_pb_image][\/et_pb_column][et_pb_column type=&#8220;1_6&#8243; _builder_version=&#8220;4.21.0&#8243; _module_preset=&#8220;default&#8220; global_colors_info=&#8220;{}&#8220;][et_pb_image src=&#8220;https:\/\/emden-auf-zeit.de\/wp-content\/uploads\/2026\/01\/Design-ohne-Titel-13.png&#8220; title_text=&#8220;Design ohne Titel (13)&#8220; show_in_lightbox=&#8220;on&#8220; use_overlay=&#8220;on&#8220; overlay_icon_color=&#8220;gcid-3739f6af-6ec3-431f-9233-3cdc85f4270b&#8220; align=&#8220;center&#8220; _builder_version=&#8220;4.27.5&#8243; _module_preset=&#8220;default&#8220; border_radii=&#8220;on|10px|10px|10px|10px&#8220; global_colors_info=&#8220;{%22gcid-3739f6af-6ec3-431f-9233-3cdc85f4270b%22:%91%22overlay_icon_color%22%93}&#8220;][\/et_pb_image][\/et_pb_column][et_pb_column type=&#8220;1_6&#8243; _builder_version=&#8220;4.21.0&#8243; _module_preset=&#8220;default&#8220; global_colors_info=&#8220;{}&#8220;][et_pb_image src=&#8220;https:\/\/emden-auf-zeit.de\/wp-content\/uploads\/2026\/01\/Design-ohne-Titel-9.png&#8220; title_text=&#8220;Design ohne Titel (9)&#8220; show_in_lightbox=&#8220;on&#8220; use_overlay=&#8220;on&#8220; overlay_icon_color=&#8220;gcid-3739f6af-6ec3-431f-9233-3cdc85f4270b&#8220; align=&#8220;center&#8220; _builder_version=&#8220;4.27.5&#8243; _module_preset=&#8220;default&#8220; border_radii=&#8220;on|10px|10px|10px|10px&#8220; global_colors_info=&#8220;{%22gcid-3739f6af-6ec3-431f-9233-3cdc85f4270b%22:%91%22overlay_icon_color%22%93}&#8220;][\/et_pb_image][\/et_pb_column][et_pb_column type=&#8220;1_6&#8243; _builder_version=&#8220;4.21.0&#8243; _module_preset=&#8220;default&#8220; global_colors_info=&#8220;{}&#8220;][et_pb_image src=&#8220;https:\/\/emden-auf-zeit.de\/wp-content\/uploads\/2026\/01\/Design-ohne-Titel-8.png&#8220; title_text=&#8220;Design ohne Titel (8)&#8220; show_in_lightbox=&#8220;on&#8220; use_overlay=&#8220;on&#8220; overlay_icon_color=&#8220;gcid-3739f6af-6ec3-431f-9233-3cdc85f4270b&#8220; align=&#8220;center&#8220; _builder_version=&#8220;4.27.5&#8243; _module_preset=&#8220;default&#8220; border_radii=&#8220;on|10px|10px|10px|10px&#8220; global_colors_info=&#8220;{%22gcid-3739f6af-6ec3-431f-9233-3cdc85f4270b%22:%91%22overlay_icon_color%22%93}&#8220;][\/et_pb_image][\/et_pb_column][et_pb_column type=&#8220;1_6&#8243; _builder_version=&#8220;4.21.0&#8243; _module_preset=&#8220;default&#8220; global_colors_info=&#8220;{}&#8220;][et_pb_image src=&#8220;https:\/\/emden-auf-zeit.de\/wp-content\/uploads\/2026\/01\/Design-ohne-Titel-12.png&#8220; title_text=&#8220;Design ohne Titel (12)&#8220; show_in_lightbox=&#8220;on&#8220; use_overlay=&#8220;on&#8220; overlay_icon_color=&#8220;gcid-3739f6af-6ec3-431f-9233-3cdc85f4270b&#8220; align=&#8220;center&#8220; _builder_version=&#8220;4.27.5&#8243; _module_preset=&#8220;default&#8220; border_radii=&#8220;on|10px|10px|10px|10px&#8220; global_colors_info=&#8220;{%22gcid-3739f6af-6ec3-431f-9233-3cdc85f4270b%22:%91%22overlay_icon_color%22%93}&#8220;][\/et_pb_image][\/et_pb_column][\/et_pb_row][\/et_pb_section][et_pb_section fb_built=&#8220;1&#8243; admin_label=&#8220;About&#8220; _builder_version=&#8220;4.21.0&#8243; _module_preset=&#8220;default&#8220; collapsed=&#8220;on&#8220; global_colors_info=&#8220;{}&#8220;][et_pb_row column_structure=&#8220;2_5,3_5&#8243; _builder_version=&#8220;4.21.0&#8243; _module_preset=&#8220;default&#8220; locked=&#8220;off&#8220; global_colors_info=&#8220;{}&#8220;][et_pb_column type=&#8220;2_5&#8243; _builder_version=&#8220;4.21.0&#8243; _module_preset=&#8220;default&#8220; global_colors_info=&#8220;{}&#8220;][et_pb_image src=&#8220;https:\/\/emden-auf-zeit.de\/wp-content\/uploads\/2025\/12\/20230818_132015-scaled.jpg&#8220; title_text=&#8220;20230818_132015&#8243; _builder_version=&#8220;4.27.5&#8243; _module_preset=&#8220;default&#8220; width=&#8220;100%&#8220; max_height=&#8220;100px&#8220; border_radii=&#8220;on|500px|500px|500px|500px&#8220; global_colors_info=&#8220;{}&#8220;][\/et_pb_image][et_pb_text _builder_version=&#8220;4.27.4&#8243; _module_preset=&#8220;ac931dae-57e5-487f-9656-40a9a4a27c31&#8243; custom_margin=&#8220;||10px||false|false&#8220; global_colors_info=&#8220;{}&#8220;]<\/p>\n<h2>Unsere Unterk\u00fcnfte<\/h2>\n<p>[\/et_pb_text][\/et_pb_column][et_pb_column type=&#8220;3_5&#8243; _builder_version=&#8220;4.21.0&#8243; _module_preset=&#8220;default&#8220; global_colors_info=&#8220;{}&#8220;][et_pb_text _builder_version=&#8220;4.27.5&#8243; _module_preset=&#8220;991e1660-9acf-4fc7-8195-f1a955d83a69&#8243; text_font=&#8220;Exo 2||||||||&#8220; global_colors_info=&#8220;{}&#8220;]<\/p>\n<p>Modern m\u00f6blierte Unterk\u00fcnfte in verschiedenen Kategorien f\u00fcr<\/p>\n<ul>\n<li>Gesch\u00e4ftsreisende mit gehobenem Anspruch im Neubausegment zur Einzelnutzung,<\/li>\n<li>Gesch\u00e4ftsreisende bis 2 Personen in einer Erdgeschosswohnung mit Terrasse,<\/li>\n<li>Studierende oder Monteure in einer sehr gepflegten Gemeinschaftswohnung aus dem Baujahr 2000, mit Balkon.<\/li>\n<\/ul>\n<p>Die Wohnungen finden Sie im Ortsteil Emden-Larrelt, 500 Meter von Einkaufzentrum \u201eDollartcenter\u201c (DOC) entfernt, wo sie sich rundum versorgen k\u00f6nnen. Auch Larrelt selbst verf\u00fcgt \u00fcber eine gute Infrastruktur zur Nahversorgung mit <span data-olk-copy-source=\"MessageBody\">Gesch\u00e4ften, \u00c4rzten, Bankfiliale<\/span>n usw. Gute Verkehrsanbindung zur Autobahn A31 (Zubringer ca. 2 PKW-Min.) entfernt<\/p>\n<p>[\/et_pb_text][\/et_pb_column][\/et_pb_row][\/et_pb_section][et_pb_section fb_built=&#8220;1&#8243; admin_label=&#8220;Features&#8220; _builder_version=&#8220;4.27.5&#8243; _module_preset=&#8220;default&#8220; background_image=&#8220;https:\/\/emden-auf-zeit.de\/wp-content\/uploads\/2025\/12\/1000110619-scaled.jpg&#8220; width=&#8220;94%&#8220; width_tablet=&#8220;80%&#8220; width_phone=&#8220;80%&#8220; width_last_edited=&#8220;on|tablet&#8220; module_alignment=&#8220;center&#8220; custom_margin=&#8220;60px||60px||true|false&#8220; custom_padding=&#8220;6vw||6vw||true|false&#8220; border_radii=&#8220;on|10px|10px|10px|10px&#8220; collapsed=&#8220;on&#8220; global_colors_info=&#8220;{}&#8220;][\/et_pb_section][et_pb_section fb_built=&#8220;1&#8243; admin_label=&#8220;Features&#8220; _builder_version=&#8220;4.21.0&#8243; _module_preset=&#8220;default&#8220; collapsed=&#8220;on&#8220; global_colors_info=&#8220;{}&#8220;][et_pb_row _builder_version=&#8220;4.21.0&#8243; _module_preset=&#8220;default&#8220; max_width=&#8220;800px&#8220; global_colors_info=&#8220;{}&#8220;][et_pb_column type=&#8220;4_4&#8243; _builder_version=&#8220;4.21.0&#8243; _module_preset=&#8220;default&#8220; global_colors_info=&#8220;{}&#8220;][et_pb_text _builder_version=&#8220;4.21.0&#8243; _module_preset=&#8220;ac931dae-57e5-487f-9656-40a9a4a27c31&#8243; text_orientation=&#8220;center&#8220; global_colors_info=&#8220;{}&#8220;]<\/p>\n<h2>Merkmale<\/h2>\n<p>[\/et_pb_text][\/et_pb_column][\/et_pb_row][et_pb_row column_structure=&#8220;1_3,1_3,1_3&#8243; custom_padding_last_edited=&#8220;on|desktop&#8220; _builder_version=&#8220;4.21.0&#8243; _module_preset=&#8220;default&#8220; custom_padding_tablet=&#8220;||0px||false|false&#8220; custom_padding_phone=&#8220;||0px||false|false&#8220; locked=&#8220;off&#8220; global_colors_info=&#8220;{}&#8220;][et_pb_column type=&#8220;1_3&#8243; _builder_version=&#8220;4.21.0&#8243; _module_preset=&#8220;default&#8220; global_colors_info=&#8220;{}&#8220;][et_pb_image src=&#8220;https:\/\/emden-auf-zeit.de\/wp-content\/uploads\/2025\/12\/karte.png&#8220; title_text=&#8220;karte&#8220; align=&#8220;center&#8220; _builder_version=&#8220;4.27.4&#8243; _module_preset=&#8220;default&#8220; max_width=&#8220;48px&#8220; max_height=&#8220;48px&#8220; global_colors_info=&#8220;{}&#8220;][\/et_pb_image][et_pb_text _builder_version=&#8220;4.27.5&#8243; _module_preset=&#8220;11f0f857-977e-4b95-b88c-148f3bcdff74&#8243; text_font=&#8220;Exo 2||||||||&#8220; header_font=&#8220;Exo 2||||||||&#8220; header_4_font=&#8220;Exo 2||||||||&#8220; text_orientation=&#8220;center&#8220; custom_margin=&#8220;||0px||false|false&#8220; global_colors_info=&#8220;{}&#8220;]<\/p>\n<h4>Lage<\/h4>\n<p>[\/et_pb_text][et_pb_text _builder_version=&#8220;4.27.5&#8243; _module_preset=&#8220;991e1660-9acf-4fc7-8195-f1a955d83a69&#8243; text_orientation=&#8220;center&#8220; global_colors_info=&#8220;{}&#8220;]<\/p>\n<p><span>Ortsteil Emden-Larrelt &#8211; Einkaufszentrum, VW-Werk, Hochschule, Hafen 5 Minuten entfernt<\/span><\/p>\n<p>[\/et_pb_text][\/et_pb_column][et_pb_column type=&#8220;1_3&#8243; _builder_version=&#8220;4.21.0&#8243; _module_preset=&#8220;default&#8220; global_colors_info=&#8220;{}&#8220;][et_pb_image src=&#8220;https:\/\/emden-auf-zeit.de\/wp-content\/uploads\/2025\/12\/kuche.png&#8220; title_text=&#8220;kuche&#8220; align=&#8220;center&#8220; _builder_version=&#8220;4.27.4&#8243; _module_preset=&#8220;default&#8220; max_width=&#8220;48px&#8220; max_height=&#8220;48px&#8220; global_colors_info=&#8220;{}&#8220;][\/et_pb_image][et_pb_text _builder_version=&#8220;4.27.5&#8243; _module_preset=&#8220;11f0f857-977e-4b95-b88c-148f3bcdff74&#8243; header_4_font=&#8220;Exo 2||||||||&#8220; text_orientation=&#8220;center&#8220; custom_margin=&#8220;||0px||false|false&#8220; global_colors_info=&#8220;{}&#8220;]<\/p>\n<h4>K\u00fcchenausstattung<\/h4>\n<p>[\/et_pb_text][et_pb_text _builder_version=&#8220;4.27.5&#8243; _module_preset=&#8220;991e1660-9acf-4fc7-8195-f1a955d83a69&#8243; text_orientation=&#8220;center&#8220; global_colors_info=&#8220;{}&#8220;]Die K\u00fcchen sind komplett ausgestattet, u.a. mit Sp\u00fclmaschine[\/et_pb_text][\/et_pb_column][et_pb_column type=&#8220;1_3&#8243; _builder_version=&#8220;4.21.0&#8243; _module_preset=&#8220;default&#8220; global_colors_info=&#8220;{}&#8220;][et_pb_image src=&#8220;https:\/\/emden-auf-zeit.de\/wp-content\/uploads\/2025\/12\/parken.png&#8220; title_text=&#8220;parken&#8220; align=&#8220;center&#8220; _builder_version=&#8220;4.27.4&#8243; _module_preset=&#8220;default&#8220; max_width=&#8220;48px&#8220; max_height=&#8220;48px&#8220; global_colors_info=&#8220;{}&#8220;][\/et_pb_image][et_pb_text _builder_version=&#8220;4.27.5&#8243; _module_preset=&#8220;11f0f857-977e-4b95-b88c-148f3bcdff74&#8243; header_4_font=&#8220;Exo 2||||||||&#8220; text_orientation=&#8220;center&#8220; custom_margin=&#8220;||0px||false|false&#8220; global_colors_info=&#8220;{}&#8220;]<\/p>\n<h4>Parken<\/h4>\n<p>[\/et_pb_text][et_pb_text _builder_version=&#8220;4.27.4&#8243; _module_preset=&#8220;991e1660-9acf-4fc7-8195-f1a955d83a69&#8243; text_orientation=&#8220;center&#8220; global_colors_info=&#8220;{}&#8220;]<\/p>\n<p>Direkt vor dem Haus<\/p>\n<p>[\/et_pb_text][\/et_pb_column][\/et_pb_row][et_pb_row column_structure=&#8220;1_3,1_3,1_3&#8243; _builder_version=&#8220;4.21.0&#8243; _module_preset=&#8220;default&#8220; locked=&#8220;off&#8220; global_colors_info=&#8220;{}&#8220;][et_pb_column type=&#8220;1_3&#8243; _builder_version=&#8220;4.21.0&#8243; _module_preset=&#8220;default&#8220; global_colors_info=&#8220;{}&#8220;][et_pb_image src=&#8220;https:\/\/emden-auf-zeit.de\/wp-content\/uploads\/2025\/12\/w-lan.png&#8220; title_text=&#8220;w-lan&#8220; align=&#8220;center&#8220; _builder_version=&#8220;4.27.4&#8243; _module_preset=&#8220;default&#8220; max_width=&#8220;48px&#8220; max_height=&#8220;48px&#8220; global_colors_info=&#8220;{}&#8220;][\/et_pb_image][et_pb_text _builder_version=&#8220;4.27.5&#8243; _module_preset=&#8220;11f0f857-977e-4b95-b88c-148f3bcdff74&#8243; header_4_font=&#8220;Exo 2||||||||&#8220; text_orientation=&#8220;center&#8220; custom_margin=&#8220;||0px||false|false&#8220; global_colors_info=&#8220;{}&#8220;]<\/p>\n<h4>Wlan<\/h4>\n<p>[\/et_pb_text][et_pb_text _builder_version=&#8220;4.27.4&#8243; _module_preset=&#8220;991e1660-9acf-4fc7-8195-f1a955d83a69&#8243; text_orientation=&#8220;center&#8220; global_colors_info=&#8220;{}&#8220;]<\/p>\n<p>Verf\u00fcgbar und inklusive<\/p>\n<p>[\/et_pb_text][\/et_pb_column][et_pb_column type=&#8220;1_3&#8243; _builder_version=&#8220;4.21.0&#8243; _module_preset=&#8220;default&#8220; global_colors_info=&#8220;{}&#8220;][et_pb_image src=&#8220;https:\/\/emden-auf-zeit.de\/wp-content\/uploads\/2025\/12\/kalender.png&#8220; title_text=&#8220;kalender&#8220; align=&#8220;center&#8220; _builder_version=&#8220;4.27.4&#8243; _module_preset=&#8220;default&#8220; max_width=&#8220;48px&#8220; max_height=&#8220;48px&#8220; global_colors_info=&#8220;{}&#8220;][\/et_pb_image][et_pb_text _builder_version=&#8220;4.27.5&#8243; _module_preset=&#8220;11f0f857-977e-4b95-b88c-148f3bcdff74&#8243; header_4_font=&#8220;Exo 2||||||||&#8220; text_orientation=&#8220;center&#8220; custom_margin=&#8220;||0px||false|false&#8220; global_colors_info=&#8220;{}&#8220;]<\/p>\n<h4>Mietdauer<\/h4>\n<p>[\/et_pb_text][et_pb_text _builder_version=&#8220;4.27.5&#8243; _module_preset=&#8220;991e1660-9acf-4fc7-8195-f1a955d83a69&#8243; text_orientation=&#8220;center&#8220; global_colors_info=&#8220;{}&#8220;]mind. 6 Monate &#8211; gelegentlich Zwischenr\u00e4ume verf\u00fcgbar.<br \/>\nAnfragen lohnt sich![\/et_pb_text][\/et_pb_column][et_pb_column type=&#8220;1_3&#8243; _builder_version=&#8220;4.21.0&#8243; _module_preset=&#8220;default&#8220; global_colors_info=&#8220;{}&#8220;][et_pb_image src=&#8220;https:\/\/emden-auf-zeit.de\/wp-content\/uploads\/2025\/12\/rauchen-verboten.png&#8220; title_text=&#8220;rauchen-verboten&#8220; align=&#8220;center&#8220; _builder_version=&#8220;4.27.4&#8243; _module_preset=&#8220;default&#8220; max_width=&#8220;48px&#8220; max_height=&#8220;48px&#8220; global_colors_info=&#8220;{}&#8220;][\/et_pb_image][et_pb_text _builder_version=&#8220;4.27.5&#8243; _module_preset=&#8220;11f0f857-977e-4b95-b88c-148f3bcdff74&#8243; header_4_font=&#8220;Exo 2||||||||&#8220; text_orientation=&#8220;center&#8220; custom_margin=&#8220;||0px||false|false&#8220; global_colors_info=&#8220;{}&#8220;]<\/p>\n<h4>Nichtraucher<\/h4>\n<p>[\/et_pb_text][et_pb_text _builder_version=&#8220;4.27.4&#8243; _module_preset=&#8220;991e1660-9acf-4fc7-8195-f1a955d83a69&#8243; text_orientation=&#8220;center&#8220; global_colors_info=&#8220;{}&#8220;]<\/p>\n<p>Alle Wohnungen sind Nichtraucherwohnungen!<\/p>\n<p>[\/et_pb_text][\/et_pb_column][\/et_pb_row][\/et_pb_section]<\/p>\n","protected":false},"excerpt":{"rendered":"<p>Familie BergmannGepflegtes Wohnen auf ZeitGesch\u00e4ftsreisende,\u00a0Techniker-Eins\u00e4tze, Mitarbeiterentsendungen in der Seehafenstadt Emden, in unmittelbarer N\u00e4he von Volkswagen, der Hochschule und dem Hafen.Unsere Unterk\u00fcnfteModern m\u00f6blierte Unterk\u00fcnfte in verschiedenen Kategorien f\u00fcr Gesch\u00e4ftsreisende mit gehobenem Anspruch im Neubausegment zur Einzelnutzung, Gesch\u00e4ftsreisende bis 2 Personen in einer Erdgeschosswohnung mit Terrasse, Studierende oder Monteure in einer sehr gepflegten Gemeinschaftswohnung aus dem Baujahr [&hellip;]<\/p>\n","protected":false},"author":1,"featured_media":0,"parent":0,"menu_order":0,"comment_status":"closed","ping_status":"closed","template":"","meta":{"_et_pb_use_builder":"on","_et_pb_old_content":"","_et_gb_content_width":"","footnotes":""},"class_list":["post-8","page","type-page","status-publish","hentry"],"yoast_head":"<!-- This site is optimized with the Yoast SEO plugin v26.9 - https:\/\/yoast.com\/product\/yoast-seo-wordpress\/ -->\n<title>Start - Mietwohnungen<\/title>\n<meta name=\"robots\" content=\"index, follow, max-snippet:-1, max-image-preview:large, max-video-preview:-1\" \/>\n<link rel=\"canonical\" href=\"https:\/\/emden-auf-zeit.de\/\" \/>\n<meta property=\"og:locale\" content=\"de_DE\" \/>\n<meta property=\"og:type\" content=\"article\" \/>\n<meta property=\"og:title\" content=\"Start - Mietwohnungen\" \/>\n<meta property=\"og:description\" content=\"Familie BergmannGepflegtes Wohnen auf ZeitGesch\u00e4ftsreisende,\u00a0Techniker-Eins\u00e4tze, Mitarbeiterentsendungen in der Seehafenstadt Emden, in unmittelbarer N\u00e4he von Volkswagen, der Hochschule und dem Hafen.Unsere Unterk\u00fcnfteModern m\u00f6blierte Unterk\u00fcnfte in verschiedenen Kategorien f\u00fcr Gesch\u00e4ftsreisende mit gehobenem Anspruch im Neubausegment zur Einzelnutzung, Gesch\u00e4ftsreisende bis 2 Personen in einer Erdgeschosswohnung mit Terrasse, Studierende oder Monteure in einer sehr gepflegten Gemeinschaftswohnung aus dem Baujahr [&hellip;]\" \/>\n<meta property=\"og:url\" content=\"https:\/\/emden-auf-zeit.de\/\" \/>\n<meta property=\"og:site_name\" content=\"Mietwohnungen\" \/>\n<meta property=\"article:modified_time\" content=\"2026-02-12T09:41:02+00:00\" \/>\n<meta name=\"twitter:card\" content=\"summary_large_image\" \/>\n<meta name=\"twitter:label1\" content=\"Gesch\u00e4tzte Lesezeit\" \/>\n\t<meta name=\"twitter:data1\" content=\"10\u00a0Minuten\" \/>\n<script type=\"application\/ld+json\" class=\"yoast-schema-graph\">{\"@context\":\"https:\/\/schema.org\",\"@graph\":[{\"@type\":\"WebPage\",\"@id\":\"https:\/\/emden-auf-zeit.de\/\",\"url\":\"https:\/\/emden-auf-zeit.de\/\",\"name\":\"Start - Mietwohnungen\",\"isPartOf\":{\"@id\":\"https:\/\/emden-auf-zeit.de\/#website\"},\"datePublished\":\"2025-12-08T15:15:16+00:00\",\"dateModified\":\"2026-02-12T09:41:02+00:00\",\"breadcrumb\":{\"@id\":\"https:\/\/emden-auf-zeit.de\/#breadcrumb\"},\"inLanguage\":\"de\",\"potentialAction\":[{\"@type\":\"ReadAction\",\"target\":[\"https:\/\/emden-auf-zeit.de\/\"]}]},{\"@type\":\"BreadcrumbList\",\"@id\":\"https:\/\/emden-auf-zeit.de\/#breadcrumb\",\"itemListElement\":[{\"@type\":\"ListItem\",\"position\":1,\"name\":\"Start\",\"item\":\"https:\/\/emden-auf-zeit.de\/\"},{\"@type\":\"ListItem\",\"position\":2,\"name\":\"Start\"}]},{\"@type\":\"WebSite\",\"@id\":\"https:\/\/emden-auf-zeit.de\/#website\",\"url\":\"https:\/\/emden-auf-zeit.de\/\",\"name\":\"Mietwohnungen\",\"description\":\"\",\"potentialAction\":[{\"@type\":\"SearchAction\",\"target\":{\"@type\":\"EntryPoint\",\"urlTemplate\":\"https:\/\/emden-auf-zeit.de\/?s={search_term_string}\"},\"query-input\":{\"@type\":\"PropertyValueSpecification\",\"valueRequired\":true,\"valueName\":\"search_term_string\"}}],\"inLanguage\":\"de\"}]}<\/script>\n<!-- \/ Yoast SEO plugin. -->","yoast_head_json":{"title":"Start - Mietwohnungen","robots":{"index":"index","follow":"follow","max-snippet":"max-snippet:-1","max-image-preview":"max-image-preview:large","max-video-preview":"max-video-preview:-1"},"canonical":"https:\/\/emden-auf-zeit.de\/","og_locale":"de_DE","og_type":"article","og_title":"Start - Mietwohnungen","og_description":"Familie BergmannGepflegtes Wohnen auf ZeitGesch\u00e4ftsreisende,\u00a0Techniker-Eins\u00e4tze, Mitarbeiterentsendungen in der Seehafenstadt Emden, in unmittelbarer N\u00e4he von Volkswagen, der Hochschule und dem Hafen.Unsere Unterk\u00fcnfteModern m\u00f6blierte Unterk\u00fcnfte in verschiedenen Kategorien f\u00fcr Gesch\u00e4ftsreisende mit gehobenem Anspruch im Neubausegment zur Einzelnutzung, Gesch\u00e4ftsreisende bis 2 Personen in einer Erdgeschosswohnung mit Terrasse, Studierende oder Monteure in einer sehr gepflegten Gemeinschaftswohnung aus dem Baujahr [&hellip;]","og_url":"https:\/\/emden-auf-zeit.de\/","og_site_name":"Mietwohnungen","article_modified_time":"2026-02-12T09:41:02+00:00","twitter_card":"summary_large_image","twitter_misc":{"Gesch\u00e4tzte Lesezeit":"10\u00a0Minuten"},"schema":{"@context":"https:\/\/schema.org","@graph":[{"@type":"WebPage","@id":"https:\/\/emden-auf-zeit.de\/","url":"https:\/\/emden-auf-zeit.de\/","name":"Start - Mietwohnungen","isPartOf":{"@id":"https:\/\/emden-auf-zeit.de\/#website"},"datePublished":"2025-12-08T15:15:16+00:00","dateModified":"2026-02-12T09:41:02+00:00","breadcrumb":{"@id":"https:\/\/emden-auf-zeit.de\/#breadcrumb"},"inLanguage":"de","potentialAction":[{"@type":"ReadAction","target":["https:\/\/emden-auf-zeit.de\/"]}]},{"@type":"BreadcrumbList","@id":"https:\/\/emden-auf-zeit.de\/#breadcrumb","itemListElement":[{"@type":"ListItem","position":1,"name":"Start","item":"https:\/\/emden-auf-zeit.de\/"},{"@type":"ListItem","position":2,"name":"Start"}]},{"@type":"WebSite","@id":"https:\/\/emden-auf-zeit.de\/#website","url":"https:\/\/emden-auf-zeit.de\/","name":"Mietwohnungen","description":"","potentialAction":[{"@type":"SearchAction","target":{"@type":"EntryPoint","urlTemplate":"https:\/\/emden-auf-zeit.de\/?s={search_term_string}"},"query-input":{"@type":"PropertyValueSpecification","valueRequired":true,"valueName":"search_term_string"}}],"inLanguage":"de"}]}},"_links":{"self":[{"href":"https:\/\/emden-auf-zeit.de\/index.php\/wp-json\/wp\/v2\/pages\/8","targetHints":{"allow":["GET"]}}],"collection":[{"href":"https:\/\/emden-auf-zeit.de\/index.php\/wp-json\/wp\/v2\/pages"}],"about":[{"href":"https:\/\/emden-auf-zeit.de\/index.php\/wp-json\/wp\/v2\/types\/page"}],"author":[{"embeddable":true,"href":"https:\/\/emden-auf-zeit.de\/index.php\/wp-json\/wp\/v2\/users\/1"}],"replies":[{"embeddable":true,"href":"https:\/\/emden-auf-zeit.de\/index.php\/wp-json\/wp\/v2\/comments?post=8"}],"version-history":[{"count":50,"href":"https:\/\/emden-auf-zeit.de\/index.php\/wp-json\/wp\/v2\/pages\/8\/revisions"}],"predecessor-version":[{"id":407,"href":"https:\/\/emden-auf-zeit.de\/index.php\/wp-json\/wp\/v2\/pages\/8\/revisions\/407"}],"wp:attachment":[{"href":"https:\/\/emden-auf-zeit.de\/index.php\/wp-json\/wp\/v2\/media?parent=8"}],"curies":[{"name":"wp","href":"https:\/\/api.w.org\/{rel}","templated":true}]}}